{"id":42268,"date":"2023-04-29T11:30:07","date_gmt":"2023-04-29T11:30:07","guid":{"rendered":"https:\/\/elyasliera.com\/?page_id=42268"},"modified":"2023-05-13T18:45:16","modified_gmt":"2023-05-13T18:45:16","slug":"contact","status":"publish","type":"page","link":"https:\/\/elyasliera.com\/ro\/contact\/","title":{"rendered":"Contact"},"content":{"rendered":"<p>[vc_row row_type=&#8221;row&#8221; use_row_as_full_screen_section=&#8221;no&#8221; type=&#8221;full_width&#8221; oblique_section=&#8221;no&#8221; text_align=&#8221;left&#8221; css_animation=&#8221;&#8221; el_class=&#8221;slide_contact&#8221;][vc_column][vc_column_text]<\/p>\n<p class=\"titlu\">Hai s\u0103 facem toate papilele fericite.<\/p>\n<p>[\/vc_column_text][\/vc_column][\/vc_row][vc_row row_type=&#8221;row&#8221; use_row_as_full_screen_section=&#8221;no&#8221; type=&#8221;full_width&#8221; oblique_section=&#8221;no&#8221; text_align=&#8221;left&#8221; background_color=&#8221;#fafbf5&#8243; css_animation=&#8221;&#8221; el_class=&#8221;intro_contact&#8221;][vc_column][vc_column_text]<\/p>\n<p class=\"antetitlu\">M\u0103 g\u0103se\u0219ti aici:<br \/>\n<a href=\"mailto:greetings@elyasliera.com\">greetings@elyasliera.com<\/a><br \/>\n<a href=\"tel:+40726370644\">+40 726 370 644<\/a><\/p>\n<p>[\/vc_column_text][\/vc_column][\/vc_row][vc_row row_type=&#8221;row&#8221; use_row_as_full_screen_section=&#8221;no&#8221; type=&#8221;full_width&#8221; oblique_section=&#8221;no&#8221; text_align=&#8221;left&#8221; background_color=&#8221;#fafbf5&#8243; css_animation=&#8221;&#8221; el_class=&#8221;rand_pag_contact&#8221;][vc_column][vc_column_text]<\/p>\n<p class=\"titlu_formular\">Sau completeaz\u0103<br \/>\nformularul de mai jos.<\/p>\n<p>[\/vc_column_text][\/vc_column][\/vc_row][vc_row row_type=&#8221;row&#8221; use_row_as_full_screen_section=&#8221;no&#8221; type=&#8221;full_width&#8221; oblique_section=&#8221;no&#8221; text_align=&#8221;center&#8221; background_color=&#8221;#fafbf5&#8243; padding_bottom=&#8221;0&#8243; css_animation=&#8221;&#8221; el_class=&#8221;rand_form&#8221;][vc_column][vc_column_text el_class=&#8221;contact_form&#8221;]\n<div class=\"wpcf7 no-js\" id=\"wpcf7-f41144-o1\" lang=\"ro-RO\" dir=\"ltr\" data-wpcf7-id=\"41144\">\n<div class=\"screen-reader-response\"><p role=\"status\" aria-live=\"polite\" aria-atomic=\"true\"><\/p> <ul><\/ul><\/div>\n<form action=\"\/ro\/wp-json\/wp\/v2\/pages\/42268#wpcf7-f41144-o1\" method=\"post\" class=\"wpcf7-form init\" aria-label=\"Formular de contact\" novalidate=\"novalidate\" data-status=\"init\">\n<fieldset class=\"hidden-fields-container\"><input type=\"hidden\" name=\"_wpcf7\" value=\"41144\" \/><input type=\"hidden\" name=\"_wpcf7_version\" value=\"6.1.5\" \/><input type=\"hidden\" name=\"_wpcf7_locale\" value=\"ro_RO\" \/><input type=\"hidden\" name=\"_wpcf7_unit_tag\" value=\"wpcf7-f41144-o1\" \/><input type=\"hidden\" name=\"_wpcf7_container_post\" value=\"0\" \/><input type=\"hidden\" name=\"_wpcf7_posted_data_hash\" value=\"\" \/>\n<\/fieldset>\n<p><span class=\"wpcf7-form-control-wrap\" data-name=\"your-name\"><input size=\"40\" maxlength=\"400\" class=\"wpcf7-form-control wpcf7-text wpcf7-validates-as-required\" aria-required=\"true\" aria-invalid=\"false\" placeholder=\"Nume\" value=\"\" type=\"text\" name=\"your-name\" \/><\/span>\n<\/p>\n<p><span class=\"wpcf7-form-control-wrap\" data-name=\"your-email\"><input size=\"40\" maxlength=\"400\" class=\"wpcf7-form-control wpcf7-email wpcf7-validates-as-required wpcf7-text wpcf7-validates-as-email\" aria-required=\"true\" aria-invalid=\"false\" placeholder=\"Email\" value=\"\" type=\"email\" name=\"your-email\" \/><\/span>\n<\/p>\n<p><span class=\"wpcf7-form-control-wrap\" data-name=\"your-message\"><textarea cols=\"40\" rows=\"1\" maxlength=\"2000\" class=\"wpcf7-form-control wpcf7-textarea\" aria-invalid=\"false\" placeholder=\"Mesaj\" name=\"your-message\"><\/textarea><\/span>\n<\/p>\n<p><input class=\"wpcf7-form-control wpcf7-submit has-spinner\" type=\"submit\" value=\"Trimite\" \/>\n<\/p><p style=\"display: none !important;\" class=\"akismet-fields-container\" data-prefix=\"_wpcf7_ak_\"><label>&#916;<textarea name=\"_wpcf7_ak_hp_textarea\" cols=\"45\" rows=\"8\" maxlength=\"100\"><\/textarea><\/label><input type=\"hidden\" id=\"ak_js_1\" name=\"_wpcf7_ak_js\" value=\"44\"\/><script>document.getElementById( \"ak_js_1\" ).setAttribute( \"value\", ( new Date() ).getTime() );<\/script><\/p><div class=\"wpcf7-response-output\" aria-hidden=\"true\"><\/div>\n<\/form>\n<\/div>\n[\/vc_column_text][\/vc_column][\/vc_row]<\/p>\n","protected":false},"excerpt":{"rendered":"<p>[vc_row row_type=&#8221;row&#8221; use_row_as_full_screen_section=&#8221;no&#8221; type=&#8221;full_width&#8221; oblique_section=&#8221;no&#8221; text_align=&#8221;left&#8221; css_animation=&#8221;&#8221; el_class=&#8221;slide_contact&#8221;][vc_column][vc_column_text] Hai s\u0103 facem toate papilele fericite. [\/vc_column_text][\/vc_column][\/vc_row][vc_row row_type=&#8221;row&#8221; use_row_as_full_screen_section=&#8221;no&#8221; type=&#8221;full_width&#8221; oblique_section=&#8221;no&#8221; text_align=&#8221;left&#8221; background_color=&#8221;#fafbf5&#8243; css_animation=&#8221;&#8221; el_class=&#8221;intro_contact&#8221;][vc_column][vc_column_text] M\u0103 g\u0103se\u0219ti aici: greetings@elyasliera.com +40 726 370 644 [\/vc_column_text][\/vc_column][\/vc_row][vc_row row_type=&#8221;row&#8221; use_row_as_full_screen_section=&#8221;no&#8221; type=&#8221;full_width&#8221; oblique_section=&#8221;no&#8221; text_align=&#8221;left&#8221; background_color=&#8221;#fafbf5&#8243; css_animation=&#8221;&#8221; el_class=&#8221;rand_pag_contact&#8221;][vc_column][vc_column_text] Sau completeaz\u0103 formularul de mai jos. [\/vc_column_text][\/vc_column][\/vc_row][vc_row row_type=&#8221;row&#8221; use_row_as_full_screen_section=&#8221;no&#8221; type=&#8221;full_width&#8221; oblique_section=&#8221;no&#8221; text_align=&#8221;center&#8221; background_color=&#8221;#fafbf5&#8243; padding_bottom=&#8221;0&#8243; css_animation=&#8221;&#8221; el_class=&#8221;rand_form&#8221;][vc_column][vc_column_text el_class=&#8221;contact_form&#8221;][\/vc_column_text][\/vc_column][\/vc_row]<\/p>\n","protected":false},"author":1,"featured_media":40837,"parent":0,"menu_order":0,"comment_status":"open","ping_status":"open","template":"full_width.php","meta":{"footnotes":""},"class_list":["post-42268","page","type-page","status-publish","has-post-thumbnail","hentry"],"yoast_head":"<!-- This site is optimized with the Yoast SEO plugin v27.3 - https:\/\/yoast.com\/product\/yoast-seo-wordpress\/ -->\n<title>Contact - Elyas Liera<\/title>\n<meta name=\"description\" content=\"\u201dDac\u0103 vrei s\u0103 ajungi repede, mergi singur. Dac\u0103 vrei s\u0103 ajugi departe, mergi \u00eempreun\u0103 cu ceilal\u021bi.\u201d Fie c\u0103 e\u0219ti \u00een c\u0103utarea unui colaborator care s\u0103 g\u0103teasc\u0103 pentru evenimentul t\u0103u, fie c\u0103 dore\u0219ti s\u0103 ob\u021bii o perspectiv\u0103 detaliat\u0103 asupra vie\u021bii tale personale, scrie-mi.\" \/>\n<meta name=\"robots\" content=\"index, follow, max-snippet:-1, max-image-preview:large, max-video-preview:-1\" \/>\n<link rel=\"canonical\" href=\"https:\/\/elyasliera.com\/ro\/contact\/\" \/>\n<meta property=\"og:locale\" content=\"ro_RO\" \/>\n<meta property=\"og:type\" content=\"article\" \/>\n<meta property=\"og:title\" content=\"Contact - Elyas Liera\" \/>\n<meta property=\"og:description\" content=\"\u201dDac\u0103 vrei s\u0103 ajungi repede, mergi singur. Dac\u0103 vrei s\u0103 ajugi departe, mergi \u00eempreun\u0103 cu ceilal\u021bi.\u201d Fie c\u0103 e\u0219ti \u00een c\u0103utarea unui colaborator care s\u0103 g\u0103teasc\u0103 pentru evenimentul t\u0103u, fie c\u0103 dore\u0219ti s\u0103 ob\u021bii o perspectiv\u0103 detaliat\u0103 asupra vie\u021bii tale personale, scrie-mi.\" \/>\n<meta property=\"og:url\" content=\"https:\/\/elyasliera.com\/ro\/contact\/\" \/>\n<meta property=\"og:site_name\" content=\"Elyas Liera\" \/>\n<meta property=\"article:modified_time\" content=\"2023-05-13T18:45:16+00:00\" \/>\n<meta property=\"og:image\" content=\"https:\/\/elyasliera.com\/wp-content\/uploads\/2022\/09\/FullSizeRender-1024x683.jpg\" \/>\n<meta name=\"twitter:card\" content=\"summary_large_image\" \/>\n<meta name=\"twitter:image\" content=\"https:\/\/elyasliera.com\/wp-content\/uploads\/2022\/09\/FullSizeRender-1024x683.jpg\" \/>\n<meta name=\"twitter:label1\" content=\"Timp estimat pentru citire\" \/>\n\t<meta name=\"twitter:data1\" content=\"1 minut\" \/>\n<script type=\"application\/ld+json\" class=\"yoast-schema-graph\">{\"@context\":\"https:\\\/\\\/schema.org\",\"@graph\":[{\"@type\":\"WebPage\",\"@id\":\"https:\\\/\\\/elyasliera.com\\\/ro\\\/contact\\\/\",\"url\":\"https:\\\/\\\/elyasliera.com\\\/ro\\\/contact\\\/\",\"name\":\"Contact - Elyas Liera\",\"isPartOf\":{\"@id\":\"https:\\\/\\\/elyasliera.com\\\/ro\\\/#website\"},\"primaryImageOfPage\":{\"@id\":\"https:\\\/\\\/elyasliera.com\\\/ro\\\/contact\\\/#primaryimage\"},\"image\":{\"@id\":\"https:\\\/\\\/elyasliera.com\\\/ro\\\/contact\\\/#primaryimage\"},\"thumbnailUrl\":\"https:\\\/\\\/elyasliera.com\\\/wp-content\\\/uploads\\\/2022\\\/09\\\/IMG_0619-scaled.jpg\",\"datePublished\":\"2023-04-29T11:30:07+00:00\",\"dateModified\":\"2023-05-13T18:45:16+00:00\",\"description\":\"\u201dDac\u0103 vrei s\u0103 ajungi repede, mergi singur. Dac\u0103 vrei s\u0103 ajugi departe, mergi \u00eempreun\u0103 cu ceilal\u021bi.\u201d Fie c\u0103 e\u0219ti \u00een c\u0103utarea unui colaborator care s\u0103 g\u0103teasc\u0103 pentru evenimentul t\u0103u, fie c\u0103 dore\u0219ti s\u0103 ob\u021bii o perspectiv\u0103 detaliat\u0103 asupra vie\u021bii tale personale, scrie-mi.\",\"breadcrumb\":{\"@id\":\"https:\\\/\\\/elyasliera.com\\\/ro\\\/contact\\\/#breadcrumb\"},\"inLanguage\":\"ro-RO\",\"potentialAction\":[{\"@type\":\"ReadAction\",\"target\":[\"https:\\\/\\\/elyasliera.com\\\/ro\\\/contact\\\/\"]}]},{\"@type\":\"ImageObject\",\"inLanguage\":\"ro-RO\",\"@id\":\"https:\\\/\\\/elyasliera.com\\\/ro\\\/contact\\\/#primaryimage\",\"url\":\"https:\\\/\\\/elyasliera.com\\\/wp-content\\\/uploads\\\/2022\\\/09\\\/IMG_0619-scaled.jpg\",\"contentUrl\":\"https:\\\/\\\/elyasliera.com\\\/wp-content\\\/uploads\\\/2022\\\/09\\\/IMG_0619-scaled.jpg\",\"width\":1707,\"height\":2560,\"caption\":\"Processed with VSCO with e3 preset\"},{\"@type\":\"BreadcrumbList\",\"@id\":\"https:\\\/\\\/elyasliera.com\\\/ro\\\/contact\\\/#breadcrumb\",\"itemListElement\":[{\"@type\":\"ListItem\",\"position\":1,\"name\":\"Home\",\"item\":\"https:\\\/\\\/elyasliera.com\\\/ro\\\/pagina-de-start\\\/\"},{\"@type\":\"ListItem\",\"position\":2,\"name\":\"Contact\"}]},{\"@type\":\"WebSite\",\"@id\":\"https:\\\/\\\/elyasliera.com\\\/ro\\\/#website\",\"url\":\"https:\\\/\\\/elyasliera.com\\\/ro\\\/\",\"name\":\"Elyas Liera\",\"description\":\"planting the seeds of a new reality\",\"potentialAction\":[{\"@type\":\"SearchAction\",\"target\":{\"@type\":\"EntryPoint\",\"urlTemplate\":\"https:\\\/\\\/elyasliera.com\\\/ro\\\/?s={search_term_string}\"},\"query-input\":{\"@type\":\"PropertyValueSpecification\",\"valueRequired\":true,\"valueName\":\"search_term_string\"}}],\"inLanguage\":\"ro-RO\"}]}<\/script>\n<!-- \/ Yoast SEO plugin. -->","yoast_head_json":{"title":"Contact - Elyas Liera","description":"\u201dDac\u0103 vrei s\u0103 ajungi repede, mergi singur. Dac\u0103 vrei s\u0103 ajugi departe, mergi \u00eempreun\u0103 cu ceilal\u021bi.\u201d Fie c\u0103 e\u0219ti \u00een c\u0103utarea unui colaborator care s\u0103 g\u0103teasc\u0103 pentru evenimentul t\u0103u, fie c\u0103 dore\u0219ti s\u0103 ob\u021bii o perspectiv\u0103 detaliat\u0103 asupra vie\u021bii tale personale, scrie-mi.","robots":{"index":"index","follow":"follow","max-snippet":"max-snippet:-1","max-image-preview":"max-image-preview:large","max-video-preview":"max-video-preview:-1"},"canonical":"https:\/\/elyasliera.com\/ro\/contact\/","og_locale":"ro_RO","og_type":"article","og_title":"Contact - Elyas Liera","og_description":"\u201dDac\u0103 vrei s\u0103 ajungi repede, mergi singur. Dac\u0103 vrei s\u0103 ajugi departe, mergi \u00eempreun\u0103 cu ceilal\u021bi.\u201d Fie c\u0103 e\u0219ti \u00een c\u0103utarea unui colaborator care s\u0103 g\u0103teasc\u0103 pentru evenimentul t\u0103u, fie c\u0103 dore\u0219ti s\u0103 ob\u021bii o perspectiv\u0103 detaliat\u0103 asupra vie\u021bii tale personale, scrie-mi.","og_url":"https:\/\/elyasliera.com\/ro\/contact\/","og_site_name":"Elyas Liera","article_modified_time":"2023-05-13T18:45:16+00:00","og_image":[{"url":"https:\/\/elyasliera.com\/wp-content\/uploads\/2022\/09\/FullSizeRender-1024x683.jpg","type":"","width":"","height":""}],"twitter_card":"summary_large_image","twitter_image":"https:\/\/elyasliera.com\/wp-content\/uploads\/2022\/09\/FullSizeRender-1024x683.jpg","twitter_misc":{"Timp estimat pentru citire":"1 minut"},"schema":{"@context":"https:\/\/schema.org","@graph":[{"@type":"WebPage","@id":"https:\/\/elyasliera.com\/ro\/contact\/","url":"https:\/\/elyasliera.com\/ro\/contact\/","name":"Contact - Elyas Liera","isPartOf":{"@id":"https:\/\/elyasliera.com\/ro\/#website"},"primaryImageOfPage":{"@id":"https:\/\/elyasliera.com\/ro\/contact\/#primaryimage"},"image":{"@id":"https:\/\/elyasliera.com\/ro\/contact\/#primaryimage"},"thumbnailUrl":"https:\/\/elyasliera.com\/wp-content\/uploads\/2022\/09\/IMG_0619-scaled.jpg","datePublished":"2023-04-29T11:30:07+00:00","dateModified":"2023-05-13T18:45:16+00:00","description":"\u201dDac\u0103 vrei s\u0103 ajungi repede, mergi singur. Dac\u0103 vrei s\u0103 ajugi departe, mergi \u00eempreun\u0103 cu ceilal\u021bi.\u201d Fie c\u0103 e\u0219ti \u00een c\u0103utarea unui colaborator care s\u0103 g\u0103teasc\u0103 pentru evenimentul t\u0103u, fie c\u0103 dore\u0219ti s\u0103 ob\u021bii o perspectiv\u0103 detaliat\u0103 asupra vie\u021bii tale personale, scrie-mi.","breadcrumb":{"@id":"https:\/\/elyasliera.com\/ro\/contact\/#breadcrumb"},"inLanguage":"ro-RO","potentialAction":[{"@type":"ReadAction","target":["https:\/\/elyasliera.com\/ro\/contact\/"]}]},{"@type":"ImageObject","inLanguage":"ro-RO","@id":"https:\/\/elyasliera.com\/ro\/contact\/#primaryimage","url":"https:\/\/elyasliera.com\/wp-content\/uploads\/2022\/09\/IMG_0619-scaled.jpg","contentUrl":"https:\/\/elyasliera.com\/wp-content\/uploads\/2022\/09\/IMG_0619-scaled.jpg","width":1707,"height":2560,"caption":"Processed with VSCO with e3 preset"},{"@type":"BreadcrumbList","@id":"https:\/\/elyasliera.com\/ro\/contact\/#breadcrumb","itemListElement":[{"@type":"ListItem","position":1,"name":"Home","item":"https:\/\/elyasliera.com\/ro\/pagina-de-start\/"},{"@type":"ListItem","position":2,"name":"Contact"}]},{"@type":"WebSite","@id":"https:\/\/elyasliera.com\/ro\/#website","url":"https:\/\/elyasliera.com\/ro\/","name":"Elyas Liera","description":"planting the seeds of a new reality","potentialAction":[{"@type":"SearchAction","target":{"@type":"EntryPoint","urlTemplate":"https:\/\/elyasliera.com\/ro\/?s={search_term_string}"},"query-input":{"@type":"PropertyValueSpecification","valueRequired":true,"valueName":"search_term_string"}}],"inLanguage":"ro-RO"}]}},"_links":{"self":[{"href":"https:\/\/elyasliera.com\/ro\/wp-json\/wp\/v2\/pages\/42268","targetHints":{"allow":["GET"]}}],"collection":[{"href":"https:\/\/elyasliera.com\/ro\/wp-json\/wp\/v2\/pages"}],"about":[{"href":"https:\/\/elyasliera.com\/ro\/wp-json\/wp\/v2\/types\/page"}],"author":[{"embeddable":true,"href":"https:\/\/elyasliera.com\/ro\/wp-json\/wp\/v2\/users\/1"}],"replies":[{"embeddable":true,"href":"https:\/\/elyasliera.com\/ro\/wp-json\/wp\/v2\/comments?post=42268"}],"version-history":[{"count":12,"href":"https:\/\/elyasliera.com\/ro\/wp-json\/wp\/v2\/pages\/42268\/revisions"}],"predecessor-version":[{"id":42567,"href":"https:\/\/elyasliera.com\/ro\/wp-json\/wp\/v2\/pages\/42268\/revisions\/42567"}],"wp:featuredmedia":[{"embeddable":true,"href":"https:\/\/elyasliera.com\/ro\/wp-json\/wp\/v2\/media\/40837"}],"wp:attachment":[{"href":"https:\/\/elyasliera.com\/ro\/wp-json\/wp\/v2\/media?parent=42268"}],"curies":[{"name":"wp","href":"https:\/\/api.w.org\/{rel}","templated":true}]}}